{"id":18,"date":"2022-12-12T18:19:48","date_gmt":"2022-12-12T18:19:48","guid":{"rendered":"https:\/\/www.openclose.pt\/?page_id=18"},"modified":"2023-10-13T11:01:14","modified_gmt":"2023-10-13T11:01:14","slug":"about-us","status":"publish","type":"page","link":"https:\/\/www.openclose.pt\/index.php\/about-us\/","title":{"rendered":"About US"},"content":{"rendered":"\n<figure class=\"wp-block-image size-full is-resized\"><img decoding=\"async\" src=\"https:\/\/www.openclose.pt\/wp-content\/uploads\/2023\/06\/OPENCLOSE03.png\" alt=\"\" class=\"wp-image-463\" width=\"226\" height=\"86\" srcset=\"https:\/\/www.openclose.pt\/wp-content\/uploads\/2023\/06\/OPENCLOSE03.png 613w, https:\/\/www.openclose.pt\/wp-content\/uploads\/2023\/06\/OPENCLOSE03-300x114.png 300w\" sizes=\"(max-width: 226px) 100vw, 226px\" \/><\/figure>\n\n\n\n<p><\/p>\n\n\n\n<h2 class=\"wp-block-heading\">OpenClose, Lda.<\/h2>\n\n\n\n<p><\/p>\n\n\n\n<p>A company in the field of consultancy and computer systems is located in the municipality of Sintra. It was established in February 2002 to provide support and consultancy in the area of information technology and cybersecurity to businesses in the municipality. <\/p>\n\n\n\n<p>With extensive experience in this field, it has worked with companies such as IBM, EuroBIC, EDP, ALTICE, the Instituto de Seguran\u00e7a Inform\u00e1tica da Seguran\u00e7a Social, as well as a large majority of small and medium-sized enterprises in the municipality.<\/p>\n\n\n\n<p>Our objective is to execute projects by applying all our knowledge so that the client feels confident in our work and can carry out their tasks without having to worry about the field of information systems.<\/p>\n\n\n\n<p><\/p>\n\n\n\n<figure class=\"wp-block-image size-large is-resized\"><img fetchpriority=\"high\" decoding=\"async\" src=\"https:\/\/www.openclose.pt\/wp-content\/uploads\/2023\/06\/rh02-1024x640.jpg\" alt=\"\" class=\"wp-image-470\" width=\"559\" height=\"349\" srcset=\"https:\/\/www.openclose.pt\/wp-content\/uploads\/2023\/06\/rh02-1024x640.jpg 1024w, https:\/\/www.openclose.pt\/wp-content\/uploads\/2023\/06\/rh02-300x188.jpg 300w, https:\/\/www.openclose.pt\/wp-content\/uploads\/2023\/06\/rh02-768x480.jpg 768w, https:\/\/www.openclose.pt\/wp-content\/uploads\/2023\/06\/rh02-1536x960.jpg 1536w, https:\/\/www.openclose.pt\/wp-content\/uploads\/2023\/06\/rh02.jpg 1920w\" sizes=\"(max-width: 559px) 100vw, 559px\" \/><\/figure>\n","protected":false},"excerpt":{"rendered":"<p>OpenClose, Lda. A company in the field of consultancy and computer systems is located in the municipality of Sintra. It was established in February 2002 to provide support and consultancy in the area of information technology and cybersecurity to businesses in the municipality. With extensive experience in this field, it has worked with companies such [&hellip;]<\/p>\n","protected":false},"author":1,"featured_media":0,"parent":0,"menu_order":0,"comment_status":"closed","ping_status":"closed","template":"","meta":{"footnotes":""},"class_list":["post-18","page","type-page","status-publish","hentry"],"_links":{"self":[{"href":"https:\/\/www.openclose.pt\/index.php\/wp-json\/wp\/v2\/pages\/18","targetHints":{"allow":["GET"]}}],"collection":[{"href":"https:\/\/www.openclose.pt\/index.php\/wp-json\/wp\/v2\/pages"}],"about":[{"href":"https:\/\/www.openclose.pt\/index.php\/wp-json\/wp\/v2\/types\/page"}],"author":[{"embeddable":true,"href":"https:\/\/www.openclose.pt\/index.php\/wp-json\/wp\/v2\/users\/1"}],"replies":[{"embeddable":true,"href":"https:\/\/www.openclose.pt\/index.php\/wp-json\/wp\/v2\/comments?post=18"}],"version-history":[{"count":11,"href":"https:\/\/www.openclose.pt\/index.php\/wp-json\/wp\/v2\/pages\/18\/revisions"}],"predecessor-version":[{"id":615,"href":"https:\/\/www.openclose.pt\/index.php\/wp-json\/wp\/v2\/pages\/18\/revisions\/615"}],"wp:attachment":[{"href":"https:\/\/www.openclose.pt\/index.php\/wp-json\/wp\/v2\/media?parent=18"}],"curies":[{"name":"wp","href":"https:\/\/api.w.org\/{rel}","templated":true}]}}